{"id":24,"date":"2024-05-20T14:44:58","date_gmt":"2024-05-20T12:44:58","guid":{"rendered":"http:\/\/www.europ.fr\/?page_id=24"},"modified":"2024-05-21T11:52:05","modified_gmt":"2024-05-21T09:52:05","slug":"elementor-24","status":"publish","type":"page","link":"https:\/\/www.europ.fr\/","title":{"rendered":"Elementor #24"},"content":{"rendered":"\t\t<div data-elementor-type=\"wp-post\" data-elementor-id=\"24\" class=\"elementor elementor-24\">\n\t\t\t\t<div class=\"elementor-element elementor-element-bcb62d2 e-flex e-con-boxed e-con e-parent\" data-id=\"bcb62d2\" data-element_type=\"container\">\n\t\t\t\t\t<div class=\"e-con-inner\">\n\t\t\t\t<div class=\"elementor-element elementor-element-7793a5f elementor-widget elementor-widget-image\" data-id=\"7793a5f\" data-element_type=\"widget\" data-widget_type=\"image.default\">\n\t\t\t\t<div class=\"elementor-widget-container\">\n\t\t\t<style>\/*! elementor - v3.21.0 - 08-05-2024 *\/\n.elementor-widget-image{text-align:center}.elementor-widget-image a{display:inline-block}.elementor-widget-image a img[src$=\".svg\"]{width:48px}.elementor-widget-image img{vertical-align:middle;display:inline-block}<\/style>\t\t\t\t\t\t\t\t\t\t<img decoding=\"async\" width=\"492\" height=\"82\" src=\"https:\/\/www.europ.fr\/wp-content\/uploads\/2024\/05\/logo-europ-groupe.png\" class=\"attachment-large size-large wp-image-10\" alt=\"\" srcset=\"https:\/\/www.europ.fr\/wp-content\/uploads\/2024\/05\/logo-europ-groupe.png 492w, https:\/\/www.europ.fr\/wp-content\/uploads\/2024\/05\/logo-europ-groupe-300x50.png 300w\" sizes=\"(max-width: 492px) 100vw, 492px\" \/>\t\t\t\t\t\t\t\t\t\t\t\t\t<\/div>\n\t\t\t\t<\/div>\n\t\t\t\t<div class=\"elementor-element elementor-element-7dc41a4 elementor-widget elementor-widget-text-editor\" data-id=\"7dc41a4\" data-element_type=\"widget\" data-widget_type=\"text-editor.default\">\n\t\t\t\t<div class=\"elementor-widget-container\">\n\t\t\t<style>\/*! elementor - v3.21.0 - 08-05-2024 *\/\n.elementor-widget-text-editor.elementor-drop-cap-view-stacked .elementor-drop-cap{background-color:#69727d;color:#fff}.elementor-widget-text-editor.elementor-drop-cap-view-framed .elementor-drop-cap{color:#69727d;border:3px solid;background-color:transparent}.elementor-widget-text-editor:not(.elementor-drop-cap-view-default) .elementor-drop-cap{margin-top:8px}.elementor-widget-text-editor:not(.elementor-drop-cap-view-default) .elementor-drop-cap-letter{width:1em;height:1em}.elementor-widget-text-editor .elementor-drop-cap{float:left;text-align:center;line-height:1;font-size:50px}.elementor-widget-text-editor .elementor-drop-cap-letter{display:inline-block}<\/style>\t\t\t\t<p>Bienvenue sur notre site.<\/p><p>Une op\u00e9ration de maintenance est en cours.<\/p><p>Nous nous excusons pour la g\u00eane occasionn\u00e9e.<\/p><p>Vous pouvez joindre notre \u00e9quipe au <strong>02 38 720 077<\/strong><\/p>\t\t\t\t\t\t<\/div>\n\t\t\t\t<\/div>\n\t\t\t\t<div class=\"elementor-element elementor-element-4b0b9cd elementor-widget elementor-widget-text-editor\" data-id=\"4b0b9cd\" data-element_type=\"widget\" data-widget_type=\"text-editor.default\">\n\t\t\t\t<div class=\"elementor-widget-container\">\n\t\t\t\t\t\t\t<p><strong>48, Rue des Fr\u00e8res Lumi\u00e8re \u2013 ZAC des Chatelliers 45800 Saint-Jean-de-Braye<\/strong><\/p>\t\t\t\t\t\t<\/div>\n\t\t\t\t<\/div>\n\t\t\t\t\t<\/div>\n\t\t\t\t<\/div>\n\t\t<div class=\"elementor-element elementor-element-a2f9f8d e-grid e-con-boxed e-con e-parent\" data-id=\"a2f9f8d\" data-element_type=\"container\">\n\t\t\t\t\t<div class=\"e-con-inner\">\n\t\t\t\t<div class=\"elementor-element elementor-element-1b5c4a9 elementor-view-default elementor-widget elementor-widget-icon\" data-id=\"1b5c4a9\" data-element_type=\"widget\" data-widget_type=\"icon.default\">\n\t\t\t\t<div class=\"elementor-widget-container\">\n\t\t\t\t\t<div class=\"elementor-icon-wrapper\">\n\t\t\t<a class=\"elementor-icon\" href=\"https:\/\/fr-fr.facebook.com\/europgroupe\/\" target=\"_blank\">\n\t\t\t<svg aria-hidden=\"true\" class=\"e-font-icon-svg e-fab-facebook\" viewBox=\"0 0 512 512\" xmlns=\"http:\/\/www.w3.org\/2000\/svg\"><path d=\"M504 256C504 119 393 8 256 8S8 119 8 256c0 123.78 90.69 226.38 209.25 245V327.69h-63V256h63v-54.64c0-62.15 37-96.48 93.67-96.48 27.14 0 55.52 4.84 55.52 4.84v61h-31.28c-30.8 0-40.41 19.12-40.41 38.73V256h68.78l-11 71.69h-57.78V501C413.31 482.38 504 379.78 504 256z\"><\/path><\/svg>\t\t\t<\/a>\n\t\t<\/div>\n\t\t\t\t<\/div>\n\t\t\t\t<\/div>\n\t\t\t\t<div class=\"elementor-element elementor-element-27c2567 elementor-view-default elementor-widget elementor-widget-icon\" data-id=\"27c2567\" data-element_type=\"widget\" data-widget_type=\"icon.default\">\n\t\t\t\t<div class=\"elementor-widget-container\">\n\t\t\t\t\t<div class=\"elementor-icon-wrapper\">\n\t\t\t<a class=\"elementor-icon\" href=\"https:\/\/linkedin.com\/company\/europ-groupe\/\" target=\"_blank\">\n\t\t\t<svg aria-hidden=\"true\" class=\"e-font-icon-svg e-fab-linkedin\" viewBox=\"0 0 448 512\" xmlns=\"http:\/\/www.w3.org\/2000\/svg\"><path d=\"M416 32H31.9C14.3 32 0 46.5 0 64.3v383.4C0 465.5 14.3 480 31.9 480H416c17.6 0 32-14.5 32-32.3V64.3c0-17.8-14.4-32.3-32-32.3zM135.4 416H69V202.2h66.5V416zm-33.2-243c-21.3 0-38.5-17.3-38.5-38.5S80.9 96 102.2 96c21.2 0 38.5 17.3 38.5 38.5 0 21.3-17.2 38.5-38.5 38.5zm282.1 243h-66.4V312c0-24.8-.5-56.7-34.5-56.7-34.6 0-39.9 27-39.9 54.9V416h-66.4V202.2h63.7v29.2h.9c8.9-16.8 30.6-34.5 62.9-34.5 67.2 0 79.7 44.3 79.7 101.9V416z\"><\/path><\/svg>\t\t\t<\/a>\n\t\t<\/div>\n\t\t\t\t<\/div>\n\t\t\t\t<\/div>\n\t\t\t\t\t<\/div>\n\t\t\t\t<\/div>\n\t\t<div class=\"elementor-element elementor-element-4b05135 e-grid e-con-boxed e-con e-parent\" data-id=\"4b05135\" data-element_type=\"container\">\n\t\t\t\t\t<div class=\"e-con-inner\">\n\t\t\t\t<div class=\"elementor-element elementor-element-ea9417d elementor-widget elementor-widget-text-editor\" data-id=\"ea9417d\" data-element_type=\"widget\" data-widget_type=\"text-editor.default\">\n\t\t\t\t<div class=\"elementor-widget-container\">\n\t\t\t\t\t\t\t<p>En savoir plus sur nos labels :<\/p>\t\t\t\t\t\t<\/div>\n\t\t\t\t<\/div>\n\t\t\t\t<div class=\"elementor-element elementor-element-44ecb64 elementor-widget elementor-widget-text-editor\" data-id=\"44ecb64\" data-element_type=\"widget\" data-widget_type=\"text-editor.default\">\n\t\t\t\t<div class=\"elementor-widget-container\">\n\t\t\t\t\t\t\t<p><a href=\"https:\/\/prestadd.fr\" target=\"_blank\" rel=\"noopener\"><strong><img decoding=\"async\" class=\"alignnone wp-image-62\" src=\"http:\/\/www.europ.fr\/wp-content\/uploads\/2024\/05\/Logo-Prestadd-300x231.png\" alt=\"\" width=\"138\" height=\"106\" srcset=\"https:\/\/www.europ.fr\/wp-content\/uploads\/2024\/05\/Logo-Prestadd-300x231.png 300w, https:\/\/www.europ.fr\/wp-content\/uploads\/2024\/05\/Logo-Prestadd-768x591.png 768w, https:\/\/www.europ.fr\/wp-content\/uploads\/2024\/05\/Logo-Prestadd.png 844w\" sizes=\"(max-width: 138px) 100vw, 138px\" \/><\/strong><\/a><\/p><p><strong>N\u00b0108 \u2013 depuis 2012<\/strong><\/p>\t\t\t\t\t\t<\/div>\n\t\t\t\t<\/div>\n\t\t\t\t<div class=\"elementor-element elementor-element-f9366b0 elementor-widget elementor-widget-text-editor\" data-id=\"f9366b0\" data-element_type=\"widget\" data-widget_type=\"text-editor.default\">\n\t\t\t\t<div class=\"elementor-widget-container\">\n\t\t\t\t\t\t\t<p><a href=\"https:\/\/www.labelspectacle.org\/\" target=\"_blank\" rel=\"noopener\"><img decoding=\"async\" class=\"alignnone wp-image-63\" src=\"http:\/\/www.europ.fr\/wp-content\/uploads\/2024\/05\/logo-label.png\" alt=\"\" width=\"131\" height=\"111\" \/><\/a><\/p><p><strong>N\u00b0446<\/strong><\/p>\t\t\t\t\t\t<\/div>\n\t\t\t\t<\/div>\n\t\t\t\t\t<\/div>\n\t\t\t\t<\/div>\n\t\t\t\t<\/div>\n\t\t","protected":false},"excerpt":{"rendered":"<p>Bienvenue sur notre site. Une op\u00e9ration de maintenance est en cours. Nous nous excusons pour la g\u00eane occasionn\u00e9e. Vous pouvez joindre notre \u00e9quipe au 02 38 720 077 48, Rue des Fr\u00e8res Lumi\u00e8re \u2013 ZAC des Chatelliers 45800 Saint-Jean-de-Braye En savoir plus sur nos labels : N\u00b0108 \u2013 depuis 2012 N\u00b0446<\/p>\n","protected":false},"author":1,"featured_media":0,"parent":0,"menu_order":0,"comment_status":"closed","ping_status":"closed","template":"","meta":{"footnotes":""},"class_list":["post-24","page","type-page","status-publish","hentry"],"_links":{"self":[{"href":"https:\/\/www.europ.fr\/index.php\/wp-json\/wp\/v2\/pages\/24","targetHints":{"allow":["GET"]}}],"collection":[{"href":"https:\/\/www.europ.fr\/index.php\/wp-json\/wp\/v2\/pages"}],"about":[{"href":"https:\/\/www.europ.fr\/index.php\/wp-json\/wp\/v2\/types\/page"}],"author":[{"embeddable":true,"href":"https:\/\/www.europ.fr\/index.php\/wp-json\/wp\/v2\/users\/1"}],"replies":[{"embeddable":true,"href":"https:\/\/www.europ.fr\/index.php\/wp-json\/wp\/v2\/comments?post=24"}],"version-history":[{"count":37,"href":"https:\/\/www.europ.fr\/index.php\/wp-json\/wp\/v2\/pages\/24\/revisions"}],"predecessor-version":[{"id":79,"href":"https:\/\/www.europ.fr\/index.php\/wp-json\/wp\/v2\/pages\/24\/revisions\/79"}],"wp:attachment":[{"href":"https:\/\/www.europ.fr\/index.php\/wp-json\/wp\/v2\/media?parent=24"}],"curies":[{"name":"wp","href":"https:\/\/api.w.org\/{rel}","templated":true}]}}